{"id":544,"date":"2018-02-12T14:47:11","date_gmt":"2018-02-12T14:47:11","guid":{"rendered":"https:\/\/ajacademies.com\/index.php\/about\/"},"modified":"2025-10-01T03:05:43","modified_gmt":"2025-10-01T03:05:43","slug":"a-propos","status":"publish","type":"page","link":"https:\/\/ajacademies.com\/index.php\/a-propos\/","title":{"rendered":"\u00c0 PROPOS"},"content":{"rendered":"\t\t<div data-elementor-type=\"wp-post\" data-elementor-id=\"544\" class=\"elementor elementor-544\">\n\t\t\t\t\t\t<section class=\"elementor-section elementor-top-section elementor-element elementor-element-c7d2120 elementor-section-boxed elementor-section-height-default elementor-section-height-default\" data-id=\"c7d2120\" data-element_type=\"section\">\n\t\t\t\t\t\t<div class=\"elementor-container elementor-column-gap-default\">\n\t\t\t\t\t<div class=\"elementor-column elementor-col-50 elementor-top-column elementor-element elementor-element-5869f52\" data-id=\"5869f52\" data-element_type=\"column\">\n\t\t\t<div class=\"elementor-widget-wrap elementor-element-populated\">\n\t\t\t\t\t\t<div class=\"elementor-element elementor-element-a9c7b32 elementor-widget elementor-widget-image\" data-id=\"a9c7b32\" data-element_type=\"widget\" data-widget_type=\"image.default\">\n\t\t\t\t<div class=\"elementor-widget-container\">\n\t\t\t<style>\/*! elementor - v3.20.0 - 20-03-2024 *\/\n.elementor-widget-image{text-align:center}.elementor-widget-image a{display:inline-block}.elementor-widget-image a img[src$=\".svg\"]{width:48px}.elementor-widget-image img{vertical-align:middle;display:inline-block}<\/style>\t\t\t\t\t\t\t\t\t\t<img fetchpriority=\"high\" decoding=\"async\" width=\"746\" height=\"1000\" src=\"https:\/\/ajacademies.com\/wp-content\/uploads\/2022\/02\/0N4A0008.jpg\" class=\"attachment-medium_large size-medium_large wp-image-635\" alt=\"\" srcset=\"https:\/\/ajacademies.com\/wp-content\/uploads\/2022\/02\/0N4A0008.jpg 746w, https:\/\/ajacademies.com\/wp-content\/uploads\/2022\/02\/0N4A0008-224x300.jpg 224w\" sizes=\"(max-width: 746px) 100vw, 746px\" \/>\t\t\t\t\t\t\t\t\t\t\t\t\t<\/div>\n\t\t\t\t<\/div>\n\t\t\t\t\t<\/div>\n\t\t<\/div>\n\t\t\t\t<div class=\"elementor-column elementor-col-50 elementor-top-column elementor-element elementor-element-48048fa\" data-id=\"48048fa\" data-element_type=\"column\">\n\t\t\t<div class=\"elementor-widget-wrap elementor-element-populated\">\n\t\t\t\t\t\t<div class=\"elementor-element elementor-element-5928220 elementor-widget elementor-widget-text-editor\" data-id=\"5928220\" data-element_type=\"widget\" data-widget_type=\"text-editor.default\">\n\t\t\t\t<div class=\"elementor-widget-container\">\n\t\t\t<style>\/*! elementor - v3.20.0 - 20-03-2024 *\/\n.elementor-widget-text-editor.elementor-drop-cap-view-stacked .elementor-drop-cap{background-color:#69727d;color:#fff}.elementor-widget-text-editor.elementor-drop-cap-view-framed .elementor-drop-cap{color:#69727d;border:3px solid;background-color:transparent}.elementor-widget-text-editor:not(.elementor-drop-cap-view-default) .elementor-drop-cap{margin-top:8px}.elementor-widget-text-editor:not(.elementor-drop-cap-view-default) .elementor-drop-cap-letter{width:1em;height:1em}.elementor-widget-text-editor .elementor-drop-cap{float:left;text-align:center;line-height:1;font-size:50px}.elementor-widget-text-editor .elementor-drop-cap-letter{display:inline-block}<\/style>\t\t\t\t<p>Originaire du d\u00e9partement de l&rsquo;Ain en France, j &lsquo;ai pass\u00e9 toute ma \u00a0\u00bb carri\u00e8re\u00a0\u00bb au poste de gardien de but. J&rsquo;ai notamment eu la chance d&rsquo;\u00e9voluer durant 13 saisons avec le club du FCBP, aujourd&rsquo;hui appel\u00e9 FBBP01.<\/p><p>\u00c9tant issue de la g\u00e9n\u00e9ration 1987, j&rsquo;ai jou\u00e9 durant toute ma formation et post-formation contre des joueurs tels que Karim Benzema, Hatem Ben Arfa, J\u00e9r\u00e9my Menez, Loic R\u00e9my&#8230;<\/p><p>Dans le m\u00eame temps je passais mes dipl\u00f4mes d&rsquo;entra\u00eeneur (Licence UEFA, FFF) et une licence en Management et Marketing du sport \u00e0 l&rsquo;universit\u00e9 de Lyon (France).<\/p><p>Gr\u00e2ce \u00e0\u00a0 cette double casquette sport et business, et une fibre entrepreunariale prononc\u00e9e, c&rsquo;est tout naturellement, apr\u00e8s plusieurs exp\u00e9riences, que je d\u00e9cide de lancer ma propre acad\u00e9mie priv\u00e9e.<\/p><p>Ma vision est claire : CHANGER DES VIES gr\u00e2ce au football en fournissant un suivi de proximit\u00e9, aussi bien sur le plan humain que sur le plan sportif.\u00a0<\/p><p>Nous intervenons comme une ressource pour les clubs et les universit\u00e9s am\u00e9ricaines en leur proposant et accompagnant des athl\u00e8tes sur tous les facteurs de la performance.<\/p><p>En rejoignant nos acad\u00e9mies, vous ne venez pas que pour du sport, vous venez pour y vivre une aventure humaine.<\/p><p><em>\u00a0\u00bb la passion vous fait avancer, la rigueur vous fait r\u00e9ussir\u00a0\u00bb<\/em><\/p><p><strong><em>JUILLARD Anthony\u00a0<\/em><\/strong><\/p><p><strong><em>Directeur &#8211; Fondateur<\/em><\/strong><\/p><p><strong><em>AJ Acad\u00e9mies<\/em><\/strong><\/p>\t\t\t\t\t\t<\/div>\n\t\t\t\t<\/div>\n\t\t\t\t\t<\/div>\n\t\t<\/div>\n\t\t\t\t\t<\/div>\n\t\t<\/section>\n\t\t\t\t<section class=\"elementor-section elementor-top-section elementor-element elementor-element-5606008 elementor-section-boxed elementor-section-height-default elementor-section-height-default\" data-id=\"5606008\" data-element_type=\"section\">\n\t\t\t\t\t\t<div class=\"elementor-container elementor-column-gap-default\">\n\t\t\t\t\t<div class=\"elementor-column elementor-col-100 elementor-top-column elementor-element elementor-element-e7c9bc2\" data-id=\"e7c9bc2\" data-element_type=\"column\">\n\t\t\t<div class=\"elementor-widget-wrap elementor-element-populated\">\n\t\t\t\t\t\t<div class=\"elementor-element elementor-element-e9a425f elementor-widget elementor-widget-spacer\" data-id=\"e9a425f\" data-element_type=\"widget\" data-widget_type=\"spacer.default\">\n\t\t\t\t<div class=\"elementor-widget-container\">\n\t\t\t<style>\/*! elementor - v3.20.0 - 20-03-2024 *\/\n.elementor-column .elementor-spacer-inner{height:var(--spacer-size)}.e-con{--container-widget-width:100%}.e-con-inner>.elementor-widget-spacer,.e-con>.elementor-widget-spacer{width:var(--container-widget-width,var(--spacer-size));--align-self:var(--container-widget-align-self,initial);--flex-shrink:0}.e-con-inner>.elementor-widget-spacer>.elementor-widget-container,.e-con>.elementor-widget-spacer>.elementor-widget-container{height:100%;width:100%}.e-con-inner>.elementor-widget-spacer>.elementor-widget-container>.elementor-spacer,.e-con>.elementor-widget-spacer>.elementor-widget-container>.elementor-spacer{height:100%}.e-con-inner>.elementor-widget-spacer>.elementor-widget-container>.elementor-spacer>.elementor-spacer-inner,.e-con>.elementor-widget-spacer>.elementor-widget-container>.elementor-spacer>.elementor-spacer-inner{height:var(--container-widget-height,var(--spacer-size))}.e-con-inner>.elementor-widget-spacer.elementor-widget-empty,.e-con>.elementor-widget-spacer.elementor-widget-empty{position:relative;min-height:22px;min-width:22px}.e-con-inner>.elementor-widget-spacer.elementor-widget-empty .elementor-widget-empty-icon,.e-con>.elementor-widget-spacer.elementor-widget-empty .elementor-widget-empty-icon{position:absolute;top:0;bottom:0;left:0;right:0;margin:auto;padding:0;width:22px;height:22px}<\/style>\t\t<div class=\"elementor-spacer\">\n\t\t\t<div class=\"elementor-spacer-inner\"><\/div>\n\t\t<\/div>\n\t\t\t\t<\/div>\n\t\t\t\t<\/div>\n\t\t\t\t<div class=\"elementor-element elementor-element-873c4e5 elementor-widget elementor-widget-heading\" data-id=\"873c4e5\" data-element_type=\"widget\" data-widget_type=\"heading.default\">\n\t\t\t\t<div class=\"elementor-widget-container\">\n\t\t\t<style>\/*! elementor - v3.20.0 - 20-03-2024 *\/\n.elementor-heading-title{padding:0;margin:0;line-height:1}.elementor-widget-heading .elementor-heading-title[class*=elementor-size-]>a{color:inherit;font-size:inherit;line-height:inherit}.elementor-widget-heading .elementor-heading-title.elementor-size-small{font-size:15px}.elementor-widget-heading .elementor-heading-title.elementor-size-medium{font-size:19px}.elementor-widget-heading .elementor-heading-title.elementor-size-large{font-size:29px}.elementor-widget-heading .elementor-heading-title.elementor-size-xl{font-size:39px}.elementor-widget-heading .elementor-heading-title.elementor-size-xxl{font-size:59px}<\/style><h2 class=\"elementor-heading-title elementor-size-default\">Notre \u00e9quipe encadrante<\/h2>\t\t<\/div>\n\t\t\t\t<\/div>\n\t\t\t\t<div class=\"elementor-element elementor-element-54c03bf elementor-widget elementor-widget-spacer\" data-id=\"54c03bf\" data-element_type=\"widget\" data-widget_type=\"spacer.default\">\n\t\t\t\t<div class=\"elementor-widget-container\">\n\t\t\t\t\t<div class=\"elementor-spacer\">\n\t\t\t<div class=\"elementor-spacer-inner\"><\/div>\n\t\t<\/div>\n\t\t\t\t<\/div>\n\t\t\t\t<\/div>\n\t\t\t\t\t<\/div>\n\t\t<\/div>\n\t\t\t\t\t<\/div>\n\t\t<\/section>\n\t\t\t\t<section class=\"elementor-section elementor-top-section elementor-element elementor-element-7840135 elementor-section-boxed elementor-section-height-default elementor-section-height-default\" data-id=\"7840135\" data-element_type=\"section\">\n\t\t\t\t\t\t<div class=\"elementor-container elementor-column-gap-default\">\n\t\t\t\t\t<div class=\"elementor-column elementor-col-33 elementor-top-column elementor-element elementor-element-0dca7f3\" data-id=\"0dca7f3\" data-element_type=\"column\">\n\t\t\t<div class=\"elementor-widget-wrap elementor-element-populated\">\n\t\t\t\t\t\t<div class=\"elementor-element elementor-element-1657089 elementor-widget elementor-widget-image\" data-id=\"1657089\" data-element_type=\"widget\" data-widget_type=\"image.default\">\n\t\t\t\t<div class=\"elementor-widget-container\">\n\t\t\t\t\t\t\t\t\t\t\t\t\t<img decoding=\"async\" width=\"768\" height=\"1024\" src=\"https:\/\/ajacademies.com\/wp-content\/uploads\/2022\/03\/IMG-20220224-WA0028-768x1024.jpg\" class=\"attachment-large size-large wp-image-918\" alt=\"\" srcset=\"https:\/\/ajacademies.com\/wp-content\/uploads\/2022\/03\/IMG-20220224-WA0028-768x1024.jpg 768w, https:\/\/ajacademies.com\/wp-content\/uploads\/2022\/03\/IMG-20220224-WA0028-225x300.jpg 225w, https:\/\/ajacademies.com\/wp-content\/uploads\/2022\/03\/IMG-20220224-WA0028-1152x1536.jpg 1152w, https:\/\/ajacademies.com\/wp-content\/uploads\/2022\/03\/IMG-20220224-WA0028.jpg 1200w\" sizes=\"(max-width: 768px) 100vw, 768px\" \/>\t\t\t\t\t\t\t\t\t\t\t\t\t<\/div>\n\t\t\t\t<\/div>\n\t\t\t\t<div class=\"elementor-element elementor-element-0691100 elementor-widget elementor-widget-text-editor\" data-id=\"0691100\" data-element_type=\"widget\" data-widget_type=\"text-editor.default\">\n\t\t\t\t<div class=\"elementor-widget-container\">\n\t\t\t\t\t\t\t<p><strong>Nathan<\/strong>\u00a0<\/p><p>G\u00e9rant de l&rsquo;acad\u00e9mie AJ en France et\u00a0 r\u00e9f\u00e9rent Pr\u00e9paration Physique et R\u00e9athl\u00e9tisation<\/p>\t\t\t\t\t\t<\/div>\n\t\t\t\t<\/div>\n\t\t\t\t\t<\/div>\n\t\t<\/div>\n\t\t\t\t<div class=\"elementor-column elementor-col-33 elementor-top-column elementor-element elementor-element-c829697\" data-id=\"c829697\" data-element_type=\"column\">\n\t\t\t<div class=\"elementor-widget-wrap elementor-element-populated\">\n\t\t\t\t\t\t<div class=\"elementor-element elementor-element-b29a6a4 elementor-widget elementor-widget-image\" data-id=\"b29a6a4\" data-element_type=\"widget\" data-widget_type=\"image.default\">\n\t\t\t\t<div class=\"elementor-widget-container\">\n\t\t\t\t\t\t\t\t\t\t\t\t\t<img decoding=\"async\" width=\"577\" height=\"353\" src=\"https:\/\/ajacademies.com\/wp-content\/uploads\/2022\/02\/logo-Athletic-USA.jpg\" class=\"attachment-large size-large wp-image-80\" alt=\"\" srcset=\"https:\/\/ajacademies.com\/wp-content\/uploads\/2022\/02\/logo-Athletic-USA.jpg 577w, https:\/\/ajacademies.com\/wp-content\/uploads\/2022\/02\/logo-Athletic-USA-300x184.jpg 300w\" sizes=\"(max-width: 577px) 100vw, 577px\" \/>\t\t\t\t\t\t\t\t\t\t\t\t\t<\/div>\n\t\t\t\t<\/div>\n\t\t\t\t<div class=\"elementor-element elementor-element-da8508b elementor-widget elementor-widget-text-editor\" data-id=\"da8508b\" data-element_type=\"widget\" data-widget_type=\"text-editor.default\">\n\t\t\t\t<div class=\"elementor-widget-container\">\n\t\t\t\t\t\t\t<p><strong>Athletic USA<\/strong><\/p><p>R\u00e9f\u00e9rente\u00a0 placement\u00a0 universit\u00e9s am\u00e9ricaines<\/p>\t\t\t\t\t\t<\/div>\n\t\t\t\t<\/div>\n\t\t\t\t\t<\/div>\n\t\t<\/div>\n\t\t\t\t<div class=\"elementor-column elementor-col-33 elementor-top-column elementor-element elementor-element-6b98d73\" data-id=\"6b98d73\" data-element_type=\"column\">\n\t\t\t<div class=\"elementor-widget-wrap elementor-element-populated\">\n\t\t\t\t\t\t<div class=\"elementor-element elementor-element-c666841 elementor-widget elementor-widget-image\" data-id=\"c666841\" data-element_type=\"widget\" data-widget_type=\"image.default\">\n\t\t\t\t<div class=\"elementor-widget-container\">\n\t\t\t\t\t\t\t\t\t\t\t\t\t<img loading=\"lazy\" decoding=\"async\" width=\"684\" height=\"696\" src=\"https:\/\/ajacademies.com\/wp-content\/uploads\/2022\/02\/IMG-20191112-WA0017.jpg\" class=\"attachment-large size-large wp-image-76\" alt=\"\" srcset=\"https:\/\/ajacademies.com\/wp-content\/uploads\/2022\/02\/IMG-20191112-WA0017.jpg 684w, https:\/\/ajacademies.com\/wp-content\/uploads\/2022\/02\/IMG-20191112-WA0017-295x300.jpg 295w\" sizes=\"(max-width: 684px) 100vw, 684px\" \/>\t\t\t\t\t\t\t\t\t\t\t\t\t<\/div>\n\t\t\t\t<\/div>\n\t\t\t\t<div class=\"elementor-element elementor-element-74f2fd0 elementor-widget elementor-widget-text-editor\" data-id=\"74f2fd0\" data-element_type=\"widget\" data-widget_type=\"text-editor.default\">\n\t\t\t\t<div class=\"elementor-widget-container\">\n\t\t\t\t\t\t\t<p><strong>High Performance Talent Pool<\/strong><\/p><p>R\u00e9f\u00e9rent placement clubs<\/p>\t\t\t\t\t\t<\/div>\n\t\t\t\t<\/div>\n\t\t\t\t\t<\/div>\n\t\t<\/div>\n\t\t\t\t\t<\/div>\n\t\t<\/section>\n\t\t\t\t<\/div>\n\t\t","protected":false},"excerpt":{"rendered":"<p>Originaire du d\u00e9partement de l&rsquo;Ain en France, j &lsquo;ai pass\u00e9 toute ma \u00a0\u00bb carri\u00e8re\u00a0\u00bb au poste de gardien de but. J&rsquo;ai notamment eu la chance d&rsquo;\u00e9voluer durant 13 saisons avec le club du FCBP, aujourd&rsquo;hui appel\u00e9 FBBP01. \u00c9tant issue de la g\u00e9n\u00e9ration 1987, j&rsquo;ai jou\u00e9 durant toute ma formation et post-formation contre des joueurs tels &hellip;<\/p>\n<p class=\"read-more\"> <a class=\"\" href=\"https:\/\/ajacademies.com\/index.php\/a-propos\/\"> <span class=\"screen-reader-text\">\u00c0 PROPOS<\/span> Lire la suite\u00a0\u00bb<\/a><\/p>\n","protected":false},"author":1,"featured_media":0,"parent":0,"menu_order":0,"comment_status":"closed","ping_status":"closed","template":"","meta":{"_monsterinsights_skip_tracking":false,"_monsterinsights_sitenote_active":false,"_monsterinsights_sitenote_note":"","_monsterinsights_sitenote_category":0,"site-sidebar-layout":"no-sidebar","site-content-layout":"page-builder","ast-main-header-display":"","ast-hfb-above-header-display":"","ast-hfb-below-header-display":"","ast-hfb-mobile-header-display":"","site-post-title":"disabled","ast-breadcrumbs-content":"","ast-featured-img":"disabled","footer-sml-layout":"","theme-transparent-header-meta":"","adv-header-id-meta":"","stick-header-meta":"","header-above-stick-meta":"","header-main-stick-meta":"","header-below-stick-meta":"","footnotes":""},"class_list":["post-544","page","type-page","status-publish","hentry"],"aioseo_notices":[],"_links":{"self":[{"href":"https:\/\/ajacademies.com\/index.php\/wp-json\/wp\/v2\/pages\/544","targetHints":{"allow":["GET"]}}],"collection":[{"href":"https:\/\/ajacademies.com\/index.php\/wp-json\/wp\/v2\/pages"}],"about":[{"href":"https:\/\/ajacademies.com\/index.php\/wp-json\/wp\/v2\/types\/page"}],"author":[{"embeddable":true,"href":"https:\/\/ajacademies.com\/index.php\/wp-json\/wp\/v2\/users\/1"}],"replies":[{"embeddable":true,"href":"https:\/\/ajacademies.com\/index.php\/wp-json\/wp\/v2\/comments?post=544"}],"version-history":[{"count":50,"href":"https:\/\/ajacademies.com\/index.php\/wp-json\/wp\/v2\/pages\/544\/revisions"}],"predecessor-version":[{"id":1098,"href":"https:\/\/ajacademies.com\/index.php\/wp-json\/wp\/v2\/pages\/544\/revisions\/1098"}],"wp:attachment":[{"href":"https:\/\/ajacademies.com\/index.php\/wp-json\/wp\/v2\/media?parent=544"}],"curies":[{"name":"wp","href":"https:\/\/api.w.org\/{rel}","templated":true}]}}